{"id":637,"date":"2023-08-25T20:27:16","date_gmt":"2023-08-25T20:27:16","guid":{"rendered":"https:\/\/markoswald.de\/hopmeier\/?page_id=637"},"modified":"2023-09-03T21:34:23","modified_gmt":"2023-09-03T21:34:23","slug":"agb","status":"publish","type":"page","link":"https:\/\/hopmeier-exklusiv.com\/en\/agb\/","title":{"rendered":"AGB"},"content":{"rendered":"<div data-elementor-type=\"wp-page\" data-elementor-id=\"637\" class=\"elementor elementor-637\">\n\t\t\t\t\t\t<section class=\"elementor-section elementor-top-section elementor-element elementor-element-66b1faa elementor-section-boxed elementor-section-height-default elementor-section-height-default\" data-id=\"66b1faa\" data-element_type=\"section\">\n\t\t\t\t\t\t<div class=\"elementor-container elementor-column-gap-default\">\n\t\t\t\t\t<div class=\"elementor-column elementor-col-100 elementor-top-column elementor-element elementor-element-cdaada5\" data-id=\"cdaada5\" data-element_type=\"column\">\n\t\t\t<div class=\"elementor-widget-wrap elementor-element-populated\">\n\t\t\t\t\t\t<div class=\"elementor-element elementor-element-de70cc1 elementor-widget elementor-widget-heading\" data-id=\"de70cc1\" data-element_type=\"widget\" data-widget_type=\"heading.default\">\n\t\t\t\t<div class=\"elementor-widget-container\">\n\t\t\t\t\t<h2 class=\"elementor-heading-title elementor-size-default\">Allgemeine Gesch\u00e4ftsbedingungen<\/h2>\t\t\t\t<\/div>\n\t\t\t\t<\/div>\n\t\t\t\t<div class=\"elementor-element elementor-element-d953a68 elementor-widget elementor-widget-text-editor\" data-id=\"d953a68\" data-element_type=\"widget\" data-widget_type=\"text-editor.default\">\n\t\t\t\t<div class=\"elementor-widget-container\">\n\t\t\t\t\t\t\t\t\t<p class=\"MsoNormal\">G\u00fcltige allgemeine Gesch\u00e4ftsbedingungen von Hopmeier Exklusiv mit Firmensitz in der Hagenauer Str. 2 in 76829 Landau i.d. Pfalz.<\/p><p class=\"MsoNormal\"><b>\u00a7 1 Allgemeines<\/b><\/p><p class=\"MsoNormal\">Der Maklervertrag zwischen dem Kunden und uns kommt entweder durch schriftliche Vereinbarung oder durch die Inanspruchnahme unserer Maklert\u00e4tigkeit auf Grundlage bzw. in Kenntnis der f\u00fcr die erfolgreiche Vermittlungs- \/Nachweist\u00e4tigkeit anfallenden Provisionsforderung zustande. Werden keine davon abweichenden Vereinbarungen getroffen, gilt eine feste Vertragslaufzeit von zw\u00f6lf Monaten. Der Vertrag verl\u00e4ngert sich automatisch um weitere 3 Monate, wenn nicht eine Vertragspartei mit einer Frist von vier Wochen vor Vertragsende schriftlich gek\u00fcndigt hat.<\/p><p class=\"MsoNormal\"><b>\u00a7 2 Eigent\u00fcmerangaben<\/b><\/p><p class=\"MsoNormal\">Die Vermittlungs-\/Nachweist\u00e4tigkeit erfolgt auf Grundlage der uns von unseren Vertragspartnern oder anderen Auskunftsbefugten erteilten Ausk\u00fcnften und Informationen.<\/p><p class=\"MsoNormal\"><b>\u00a7 3 Alleinauftrag<\/b><\/p><p class=\"MsoNormal\">Der Vertragspartner ist nicht berechtigt, w\u00e4hrend der Laufzeit des Maklervertrags mit uns, andere Makler mit Vermittlungs-\/Nachweist\u00e4tigkeiten betreffend das Vertragsobjekt zu beauftragen. Bei schuldhaftem Versto\u00df gegen diese Regelung haftet der Vertragspartner f\u00fcr die hierdurch entstehenden Sch\u00e4den. Im Gegenzug verpflichten wir uns in angemessener Weise f\u00fcr den Auftraggeber t\u00e4tig zu werden.<\/p><p class=\"MsoNormal\"><b>\u00a7 4 Doppelt\u00e4tigkeit<\/b><\/p><p class=\"MsoNormal\">Wir sind berechtigt auch f\u00fcr die andere Partei des Hauptvertrages provisionspflichtig t\u00e4tig zu werden, soweit kein Interessenskonflikt vorliegt.<\/p><p class=\"MsoNormal\"><b>\u00a7 5 Mitteilungspflicht bei Kenntnis<\/b><\/p><p class=\"MsoNormal\">Kennt der Kunde bei Abschluss des Maklervertrages oder der Provisionsvereinbarung den Vertragsgegenstand sowie die Vertragsbereitschaft des anderen Vertragsteils des Hauptvertrages (Vorkenntnis) oder erlangt er diese Kenntnis w\u00e4hrend der Laufzeit des Maklervertrages von dritter Seite, so hat er uns dies unverz\u00fcglich mitzuteilen.<\/p><p class=\"MsoNormal\"><b>\u00a7 6 Ersatzgesch\u00e4ft<\/b><\/p><p class=\"MsoNormal\">Kommt durch unsere Vermittlung-\/Nachweist\u00e4tigkeit statt des urspr\u00fcnglich angestrebten Kaufvertrages zwischen den Parteien des Hauptvertrages \u00fcber das Vertragsobjekt ein Mietvertrag zustande oder umgekehrt, ber\u00fchrt dies den Provisionsanspruch nicht. Es gilt dann der \u00fcbliche Maklerlohn im Sinne von \u00a7 653 Abs. 2 BGB als geschuldet. Der \u00fcbliche Maklerlohn bei einem Mietvertrag als Ersatzgesch\u00e4ft bel\u00e4uft sich auf 2,38 Monatsmieten inkl. 19 % MwSt.;\u00a0bei Abschluss eines Gewerberaum-Mietvertrages 3,57\u00a0 (inkl. gesetzliche MwSt.) Monatswarmmieten. Der \u00fcbliche Maklerlohn bei einem Kaufvertrag als Ersatzgesch\u00e4ft bel\u00e4uft sich bei An- und Verkauf von Einfamilienh\u00e4usern (ggf. mit Einliegerwohnung) und Eigentumswohnungen: berechnet vom notariell vereinbarten Gesamtkaufpreis, vom K\u00e4ufer und Verk\u00e4ufer je 3,57 % inkl. MwSt.; bei Grundst\u00fccken und Mehrfamilienh\u00e4usern auf 7,14 % inkl. MwSt.<\/p><p class=\"MsoNormal\"><b>\u00a7 7 Weitergabeverbot<\/b><\/p><p class=\"MsoNormal\">Unsere gesamte Vermittlungs-\/Nachweist\u00e4tigkeit, Objektexpos\u00e9s und die von uns erteilten Objekt-\/vertragsbezogenen Informationen sind ausschlie\u00dflich f\u00fcr die jeweils adressierten Kunden als Empf\u00e4nger bestimmt. Der Kunde ist verpflichtet mit den Informationen vertraulich umzugehen und diese nicht an Dritte weiterzugeben. Bei schuldhaftem Versto\u00df hiergegen, haftet der Kunde uns gegen\u00fcber auf Schadenersatz, wenn der Erfolg unserer Vermittlungs-\/Nachweist\u00e4tigkeit hierdurch nicht eintritt.<\/p><p class=\"MsoNormal\"><b>\u00a7 8 Provisionsanspruch und Auskunftsverpflichtung<\/b><\/p><p class=\"MsoNormal\">Der Provisionsanspruch ist im Sinne von \u00a7 652 Abs. 1 BGB mit Abschluss des Hauptvertrages f\u00e4llig, wenn der Hauptvertrag auf unserer Vermittlungs-\/<br \/>Nachweist\u00e4tigkeit beruht. In diesem Fall ist der Kunde verpflichtet, uns unverz\u00fcglich mitzuteilen, wann, zu welchem Entgelt und mit welchem Beteiligten der Hauptvertrag geschlossen wurde. Die Auskunftsverpflichtung wird nicht dadurch ber\u00fchrt, dass der Hauptvertrag unter einer aufschiebenden Bedingung steht und diese noch nicht eingetreten ist. Sollte der Verk\u00e4ufer\/Vermieter das Auftragsobjekt innerhalb von 36 Monaten nach Beendigung unseres Auftragsverh\u00e4ltnisses direkt an einen Interessenten ver\u00e4u\u00dfern, dem wir das Angebot w\u00e4hrend der Auftragslaufzeit unterbreitet haben, steht uns ebenfalls die vereinbarte Courtage in voller H\u00f6he zu. Diese lautet wie folgt:<br \/>Bei An- und Verkauf von Einfamilienh\u00e4usern (ggf. mit Einliegerwohnung) und Eigentumswohnungen: berechnet vom notariell vereinbarten Gesamtkaufpreis, vom K\u00e4ufer und Verk\u00e4ufer je 3,57 % inkl. MwSt., bei Grundst\u00fccken und H\u00e4user ab 2 Wohneinheiten (nicht Einliegerwohnung) 7,14 % inkl. MwSt., bei Vermietung\/ Verpachtung: zahlbar vom Vermieter\/Verp\u00e4chter., bei Wohnr\u00e4umen: 2,38 Monatsmieten inkl. 19 % MwSt., bei Abschluss eines Gewerberaum-Mietvertrages 3,57 (inkl. gesetzliche MwSt.)Monatswarmmieten.<\/p><p class=\"MsoNormal\"><b>\u00a7 9 Zur\u00fcckbehaltungs-\/ und Aufrechnungsrechte<\/b><\/p><p class=\"MsoNormal\">Der Kunde darf Zur\u00fcckbehaltungsrechte oder Aufrechnungsrechte gegen\u00fcber unserer Provisionsforderung nur geltend machen, wenn die Forderungen des Kunden auf demselben Vertragsverh\u00e4ltnis (Maklervertrag) beruhen oder wenn sonstige Anspr\u00fcche unbestritten oder rechtskr\u00e4ftig tituliert sind.<\/p><p class=\"MsoNormal\"><b>\u00a7 10 Hinweis zum Datenschutz<\/b><\/p><p class=\"MsoNormal\">Der Kunde\/Auftraggeber willigt ein, dass die Firma Will Immobilien GmbH Daten, die sich aus den Objektunterlagen oder der Vertragsdurchf\u00fchrung ergeben, erheben, verarbeiten und nutzen und diese an die m\u00f6gliche andere Vertragspartei im erforderlichen Umfang \u00fcbermittelt. Die Firma Will Immobilien GmbH erhebt f\u00fcr ihre Maklert\u00e4tigkeit von Interessenten folgende Daten: Name, Anschrift, Telefonnummer, E-Mail-Adresse. Diese Daten werden ausschlie\u00dflich erhoben und verwendet, um den Maklerauftrag zu erf\u00fcllen. Diese Daten werden nur dann an den Eigent\u00fcmer des Objekts weitergegeben, wenn die Interessenten in Verkaufsverhandlungen treten wollen oder zur Sicherung unserer Provisionsanspr\u00fcche, wenn der Maklervertrag mit dem Eigent\u00fcmer vorzeitig beendet wurde, ohne dass die Immobilie verkauft oder vermietet wurde.<\/p><p class=\"MsoNormal\"><b>\u00a7 11 Erf\u00fcllungsort und Gerichtsstand<\/b><\/p><p class=\"MsoNormal\">Erf\u00fcllungsort und Gerichtsstand ist 76829 Landau i.d. Pfalz, soweit der Auftraggeber kein Verbraucher ist.<\/p><p class=\"MsoNormal\"><b>\u00a7 12 Salvatorische Klausel<\/b><\/p><p class=\"MsoNormal\">Sollten einzelne Bestimmungen dieser Gesch\u00e4ftsbedingungen ganz oder teilweise unwirksam oder nichtig sein oder infolge \u00c4nderung der Gesetzeslage oder durch h\u00f6chstrichterliche Rechtsprechung oder auf andere Weise ganz oder teilweise unwirksam oder nichtig werden oder weist dieser Vertrag L\u00fccken auf, so sind sich die Parteien dar\u00fcber einig, dass die \u00fcbrigen Bestimmungen dieses Vertrages davon unber\u00fchrt und g\u00fcltig bleiben. F\u00fcr diesen Fall verpflichten sich die Vertragsparteien, unter Ber\u00fccksichtigung des Grundsatzes von Treu und Glauben an Stelle der unwirksamen Bestimmung eine wirksame Bestimmung zu vereinbaren, welche dem Sinn und Zweck der unwirksamen Bestimmung m\u00f6glichst nahekommt und von der anzunehmen ist, dass die Parteien sie im Zeitpunkt des Vertragsschlusses vereinbart h\u00e4tten, wenn sie die Unwirksamkeit oder Nichtigkeit gekannt oder vorhergesehen h\u00e4tten. Entsprechendes gilt, falls diese Gesch\u00e4ftsbedingungen eine L\u00fccke enthalten sollte.<\/p><p>\u00a0<\/p><p class=\"MsoNormal\">\u00a0<\/p>\t\t\t\t\t\t\t\t<\/div>\n\t\t\t\t<\/div>\n\t\t\t\t\t<\/div>\n\t\t<\/div>\n\t\t\t\t\t<\/div>\n\t\t<\/section>\n\t\t\t\t<footer class=\"elementor-section elementor-top-section elementor-element elementor-element-4ea48f85 elementor-section-boxed elementor-section-height-default elementor-section-height-default\" data-id=\"4ea48f85\" data-element_type=\"section\" data-settings=\"{&quot;background_background&quot;:&quot;classic&quot;}\">\n\t\t\t\t\t\t<div class=\"elementor-container elementor-column-gap-no\">\n\t\t\t\t\t<div class=\"elementor-column elementor-col-50 elementor-top-column elementor-element elementor-element-3c23ba69\" data-id=\"3c23ba69\" data-element_type=\"column\">\n\t\t\t<div class=\"elementor-widget-wrap elementor-element-populated\">\n\t\t\t\t\t\t<div class=\"elementor-element elementor-element-1d34544b elementor-widget elementor-widget-image\" data-id=\"1d34544b\" data-element_type=\"widget\" data-widget_type=\"image.default\">\n\t\t\t\t<div class=\"elementor-widget-container\">\n\t\t\t\t\t\t\t\t\t\t\t\t\t\t\t<img fetchpriority=\"high\" decoding=\"async\" width=\"300\" height=\"254\" src=\"https:\/\/hopmeier-exklusiv.com\/wp-content\/uploads\/2023\/08\/hopmeier-exklusiv-300x254.png\" class=\"attachment-medium size-medium wp-image-527\" alt=\"\" srcset=\"https:\/\/hopmeier-exklusiv.com\/wp-content\/uploads\/2023\/08\/hopmeier-exklusiv-300x254.png 300w, https:\/\/hopmeier-exklusiv.com\/wp-content\/uploads\/2023\/08\/hopmeier-exklusiv-1024x868.png 1024w, https:\/\/hopmeier-exklusiv.com\/wp-content\/uploads\/2023\/08\/hopmeier-exklusiv-768x651.png 768w, https:\/\/hopmeier-exklusiv.com\/wp-content\/uploads\/2023\/08\/hopmeier-exklusiv-14x12.png 14w, https:\/\/hopmeier-exklusiv.com\/wp-content\/uploads\/2023\/08\/hopmeier-exklusiv.png 1028w\" sizes=\"(max-width: 300px) 100vw, 300px\" \/>\t\t\t\t\t\t\t\t\t\t\t\t\t\t\t<\/div>\n\t\t\t\t<\/div>\n\t\t\t\t<div class=\"elementor-element elementor-element-253a1ac8 elementor-widget elementor-widget-text-editor\" data-id=\"253a1ac8\" data-element_type=\"widget\" data-widget_type=\"text-editor.default\">\n\t\t\t\t<div class=\"elementor-widget-container\">\n\t\t\t\t\t\t\t\t\t<p><a href=\"http:\/\/hopmeier-exklusiv.com\/en\/kontakt\/\">Contact<\/a><\/p><p><a href=\"http:\/\/hopmeier-exklusiv.com\/en\/agb\/\">AGB<\/a><\/p><p><a href=\"http:\/\/hopmeier-exklusiv.com\/en\/datenschutz\/\">Datenschutz<\/a><\/p><p><a href=\"http:\/\/hopmeier-exklusiv.com\/en\/impressum\/\">Impressum<\/a><\/p>\t\t\t\t\t\t\t\t<\/div>\n\t\t\t\t<\/div>\n\t\t\t\t<div class=\"elementor-element elementor-element-6bf03a9c elementor-list-item-link-inline elementor-mobile-align-center elementor-icon-list--layout-traditional elementor-widget elementor-widget-icon-list\" data-id=\"6bf03a9c\" data-element_type=\"widget\" data-widget_type=\"icon-list.default\">\n\t\t\t\t<div class=\"elementor-widget-container\">\n\t\t\t\t\t\t\t<ul class=\"elementor-icon-list-items\">\n\t\t\t\t\t\t\t<li class=\"elementor-icon-list-item\">\n\t\t\t\t\t\t\t\t\t\t\t<a href=\"tel:+491751100282\">\n\n\t\t\t\t\t\t\t\t\t\t\t\t<span class=\"elementor-icon-list-icon\">\n\t\t\t\t\t\t\t<i aria-hidden=\"true\" class=\"fas fa-phone-alt\"><\/i>\t\t\t\t\t\t<\/span>\n\t\t\t\t\t\t\t\t\t\t<span class=\"elementor-icon-list-text\">+49 175 1100282<\/span>\n\t\t\t\t\t\t\t\t\t\t\t<\/a>\n\t\t\t\t\t\t\t\t\t<\/li>\n\t\t\t\t\t\t\t\t<li class=\"elementor-icon-list-item\">\n\t\t\t\t\t\t\t\t\t\t\t<a href=\"mailto:info@hopmeier-exklusiv.com\">\n\n\t\t\t\t\t\t\t\t\t\t\t\t<span class=\"elementor-icon-list-icon\">\n\t\t\t\t\t\t\t<i aria-hidden=\"true\" class=\"far fa-envelope\"><\/i>\t\t\t\t\t\t<\/span>\n\t\t\t\t\t\t\t\t\t\t<span class=\"elementor-icon-list-text\">info@hopmeier-exklusiv.com<\/span>\n\t\t\t\t\t\t\t\t\t\t\t<\/a>\n\t\t\t\t\t\t\t\t\t<\/li>\n\t\t\t\t\t\t<\/ul>\n\t\t\t\t\t\t<\/div>\n\t\t\t\t<\/div>\n\t\t\t\t\t<\/div>\n\t\t<\/div>\n\t\t\t\t<div class=\"elementor-column elementor-col-50 elementor-top-column elementor-element elementor-element-41096e1e\" data-id=\"41096e1e\" data-element_type=\"column\">\n\t\t\t<div class=\"elementor-widget-wrap elementor-element-populated\">\n\t\t\t\t\t\t<div class=\"elementor-element elementor-element-57dd48a6 elementor-widget elementor-widget-heading\" data-id=\"57dd48a6\" data-element_type=\"widget\" data-widget_type=\"heading.default\">\n\t\t\t\t<div class=\"elementor-widget-container\">\n\t\t\t\t\t<h2 class=\"elementor-heading-title elementor-size-default\">Immobilien Mallorca\nmeist gesucht\n\n<\/h2>\t\t\t\t<\/div>\n\t\t\t\t<\/div>\n\t\t\t\t<div class=\"elementor-element elementor-element-675b6af3 elementor-widget-mobile__width-inherit elementor-widget elementor-widget-wdk-listings-list\" data-id=\"675b6af3\" data-element_type=\"widget\" data-widget_type=\"wdk-listings-list.default\">\n\t\t\t\t<div class=\"elementor-widget-container\">\n\t\t\t\t\t<div class=\"wdk-element\" id=\"wdk_el_675b6af3\">\r\n    <div class=\"wdk-listings-list\">\r\n        <div class=\"wdk-row\">\r\n                                                                    <div class=\"wdk-col\">\r\n                        <div class=\"listing-item\">\r\n                            <div class=\"listing-img-sec\">\r\n                                <a href=\"https:\/\/hopmeier-exklusiv.com\/en\/wdk-listing\/neue-luxusvilla-mit-pool-in-cap-des-moro\/\" title=\"Neue Luxusvilla mit Pool in Cap d\u2019es Moro\">\r\n                                    <img decoding=\"async\" src=\"https:\/\/hopmeier-exklusiv.com\/wp-content\/uploads\/2024\/02\/neue-luxusvilla-mit-pool-in-cap-des-moro-6151.jpg\" alt=\"Neue Luxusvilla mit Pool in Cap d\u2019es Moro\">\r\n                                <\/a>\r\n                            <\/div><!--prop-img-sec enf-->\r\n                            <div class=\"listing-inf-sec\">\r\n                                                                    <h3 class=\"title\">\r\n                                        <a href=\"https:\/\/hopmeier-exklusiv.com\/en\/wdk-listing\/neue-luxusvilla-mit-pool-in-cap-des-moro\/\">\r\n                                                                                            <span>\r\n                                                    Neue Luxusvilla mit Pool in Cap d\u2019es Moro                                                <\/span> \r\n                                                                                    <\/a>\r\n                                    <\/h3>\r\n                                                                                                    <div class=\"price\">\r\n                                                                                    <span>\r\n                                                EUR                                                                                                                                                            2,125,000                                                                                                                                                                                                <\/span> \r\n                                                                            <\/div>\r\n                                                            <\/div><!--prop-inf-sec enf-->\r\n                        <\/div>\r\n                    <\/div>\r\n                                                        <div class=\"wdk-col\">\r\n                        <div class=\"listing-item\">\r\n                            <div class=\"listing-img-sec\">\r\n                                <a href=\"https:\/\/hopmeier-exklusiv.com\/en\/wdk-listing\/charmante-finca-mit-pool-bei-ses-salines\/\" title=\"Charmante Finca mit Pool bei Ses Salines\">\r\n                                    <img decoding=\"async\" src=\"https:\/\/hopmeier-exklusiv.com\/wp-content\/uploads\/2024\/01\/charmante-finca-mit-pool-bei-ses-salines-2598.jpg\" alt=\"Charmante Finca mit Pool bei Ses Salines\">\r\n                                <\/a>\r\n                            <\/div><!--prop-img-sec enf-->\r\n                            <div class=\"listing-inf-sec\">\r\n                                                                    <h3 class=\"title\">\r\n                                        <a href=\"https:\/\/hopmeier-exklusiv.com\/en\/wdk-listing\/charmante-finca-mit-pool-bei-ses-salines\/\">\r\n                                                                                            <span>\r\n                                                    Charmante Finca mit Pool bei Ses Salines                                                <\/span> \r\n                                                                                    <\/a>\r\n                                    <\/h3>\r\n                                                                                                    <div class=\"price\">\r\n                                                                                    <span>\r\n                                                EUR                                                                                                                                                            3,690,000                                                                                                                                                                                                <\/span> \r\n                                                                            <\/div>\r\n                                                            <\/div><!--prop-inf-sec enf-->\r\n                        <\/div>\r\n                    <\/div>\r\n                 \r\n                    <\/div>\r\n    <\/div>\r\n<\/div>\r\n\r\n\t\t\t\t<\/div>\n\t\t\t\t<\/div>\n\t\t\t\t\t<\/div>\n\t\t<\/div>\n\t\t\t\t\t<\/div>\n\t\t<\/footer>\n\t\t\t\t<\/div>","protected":false},"excerpt":{"rendered":"<p>Allgemeine Gesch\u00e4ftsbedingungen G\u00fcltige allgemeine Gesch\u00e4ftsbedingungen von Hopmeier Exklusiv mit Firmensitz in der Hagenauer Str. 2 in 76829 Landau i.d. Pfalz. \u00a7 1 Allgemeines Der Maklervertrag zwischen dem Kunden und uns kommt entweder durch schriftliche Vereinbarung oder durch die Inanspruchnahme unserer Maklert\u00e4tigkeit auf Grundlage bzw. in Kenntnis der f\u00fcr die erfolgreiche Vermittlungs- \/Nachweist\u00e4tigkeit anfallenden Provisionsforderung zustande. &#8230; <a title=\"AGB\" class=\"read-more\" href=\"https:\/\/hopmeier-exklusiv.com\/en\/agb\/\" aria-label=\"Read more about AGB\">Read more<\/a><\/p>","protected":false},"author":5,"featured_media":0,"parent":0,"menu_order":0,"comment_status":"closed","ping_status":"closed","template":"","meta":{"footnotes":""},"class_list":["post-637","page","type-page","status-publish"],"_links":{"self":[{"href":"https:\/\/hopmeier-exklusiv.com\/en\/wp-json\/wp\/v2\/pages\/637","targetHints":{"allow":["GET"]}}],"collection":[{"href":"https:\/\/hopmeier-exklusiv.com\/en\/wp-json\/wp\/v2\/pages"}],"about":[{"href":"https:\/\/hopmeier-exklusiv.com\/en\/wp-json\/wp\/v2\/types\/page"}],"author":[{"embeddable":true,"href":"https:\/\/hopmeier-exklusiv.com\/en\/wp-json\/wp\/v2\/users\/5"}],"replies":[{"embeddable":true,"href":"https:\/\/hopmeier-exklusiv.com\/en\/wp-json\/wp\/v2\/comments?post=637"}],"version-history":[{"count":19,"href":"https:\/\/hopmeier-exklusiv.com\/en\/wp-json\/wp\/v2\/pages\/637\/revisions"}],"predecessor-version":[{"id":896,"href":"https:\/\/hopmeier-exklusiv.com\/en\/wp-json\/wp\/v2\/pages\/637\/revisions\/896"}],"wp:attachment":[{"href":"https:\/\/hopmeier-exklusiv.com\/en\/wp-json\/wp\/v2\/media?parent=637"}],"curies":[{"name":"wp","href":"https:\/\/api.w.org\/{rel}","templated":true}]}}