{"id":124,"date":"2023-07-08T16:39:11","date_gmt":"2023-07-08T16:39:11","guid":{"rendered":"https:\/\/markoswald.de\/hopmeier\/?page_id=124"},"modified":"2023-09-03T21:19:16","modified_gmt":"2023-09-03T21:19:16","slug":"uber-uns","status":"publish","type":"page","link":"https:\/\/hopmeier-exklusiv.com\/en\/uber-uns\/","title":{"rendered":"About us"},"content":{"rendered":"<div data-elementor-type=\"wp-page\" data-elementor-id=\"124\" class=\"elementor elementor-124\">\n\t\t\t\t\t\t<section class=\"elementor-section elementor-top-section elementor-element elementor-element-cbaa24e elementor-section-boxed elementor-section-height-default elementor-section-height-default\" data-id=\"cbaa24e\" data-element_type=\"section\">\n\t\t\t\t\t\t<div class=\"elementor-container elementor-column-gap-default\">\n\t\t\t\t\t<div class=\"elementor-column elementor-col-100 elementor-top-column elementor-element elementor-element-80d04d3\" data-id=\"80d04d3\" data-element_type=\"column\">\n\t\t\t<div class=\"elementor-widget-wrap elementor-element-populated\">\n\t\t\t\t\t\t<div class=\"elementor-element elementor-element-bd5d129 elementor-widget elementor-widget-heading\" data-id=\"bd5d129\" data-element_type=\"widget\" data-widget_type=\"heading.default\">\n\t\t\t\t<div class=\"elementor-widget-container\">\n\t\t\t\t\t<h2 class=\"elementor-heading-title elementor-size-default\">About us<\/h2>\t\t\t\t<\/div>\n\t\t\t\t<\/div>\n\t\t\t\t\t<\/div>\n\t\t<\/div>\n\t\t\t\t\t<\/div>\n\t\t<\/section>\n\t\t\t\t<section class=\"elementor-section elementor-top-section elementor-element elementor-element-e2b292c elementor-section-boxed elementor-section-height-default elementor-section-height-default\" data-id=\"e2b292c\" data-element_type=\"section\">\n\t\t\t\t\t\t<div class=\"elementor-container elementor-column-gap-default\">\n\t\t\t\t\t<div class=\"elementor-column elementor-col-100 elementor-top-column elementor-element elementor-element-43fe22d\" data-id=\"43fe22d\" data-element_type=\"column\">\n\t\t\t<div class=\"elementor-widget-wrap elementor-element-populated\">\n\t\t\t\t\t\t<section class=\"elementor-section elementor-inner-section elementor-element elementor-element-f1a0d9b elementor-section-boxed elementor-section-height-default elementor-section-height-default\" data-id=\"f1a0d9b\" data-element_type=\"section\">\n\t\t\t\t\t\t<div class=\"elementor-container elementor-column-gap-default\">\n\t\t\t\t\t<div class=\"elementor-column elementor-col-66 elementor-inner-column elementor-element elementor-element-1f8652d\" data-id=\"1f8652d\" data-element_type=\"column\">\n\t\t\t<div class=\"elementor-widget-wrap elementor-element-populated\">\n\t\t\t\t\t\t<div class=\"elementor-element elementor-element-78161e1 elementor-widget elementor-widget-text-editor\" data-id=\"78161e1\" data-element_type=\"widget\" data-widget_type=\"text-editor.default\">\n\t\t\t\t<div class=\"elementor-widget-container\">\n\t\t\t\t\t\t\t\t\t<p>Wir bringen Menschen und H\u00e4user zusammen! <span style=\"font-size: inherit;\">Romantische Fincas und Anwesen, exklusive <\/span>Luxusvillen in 1. Meereslinie, Grundst\u00fccke und Dorfh\u00e4user mit atemberaubender Aussicht. Unser Fachgebiet ist der Verkauf von erstklassigen Immobilien im oberen Segment.<\/p><p>Mit Sitz in Deutschland verf\u00fcgen wir \u00fcber umfassende Expertise auf dem spanischen Immobilienmarkt. Wir bieten Ihnen ein gro\u00dfes Spektrum an Know-how an, was uns zu einer der besten Anlaufstellen Mallorcas macht.<\/p><p>Wir bieten Ihnen ein umfangreiches Angebot an sehr sorgf\u00e4ltig ausgesuchten Immobilien und stellen Ihnen unser exzellentes Berater-Team zur Seite, welches sich durch seine langj\u00e4hrige Erfahrung und Kompetenz auszeichnet und nichts unversucht lassen wird, um f\u00fcr Sie die perfekte Immobilie zu finden.<\/p><p>Wir begleiten Sie vor, w\u00e4hrend und nach dem Kaufprozess und stellen Ihnen den Kontakt zu den<br \/>besten Anw\u00e4lten, Dienstleistungs- und Serviceunternehmen her, die f\u00fcr den Kauf Ihrer Immobilie<br \/>relevant sind.<\/p>\t\t\t\t\t\t\t\t<\/div>\n\t\t\t\t<\/div>\n\t\t\t\t\t<\/div>\n\t\t<\/div>\n\t\t\t\t<div class=\"elementor-column elementor-col-33 elementor-inner-column elementor-element elementor-element-f8b06ff\" data-id=\"f8b06ff\" data-element_type=\"column\">\n\t\t\t<div class=\"elementor-widget-wrap elementor-element-populated\">\n\t\t\t\t\t\t<div class=\"elementor-element elementor-element-66904b9 elementor-widget elementor-widget-image\" data-id=\"66904b9\" data-element_type=\"widget\" data-widget_type=\"image.default\">\n\t\t\t\t<div class=\"elementor-widget-container\">\n\t\t\t\t\t\t\t\t\t\t\t\t\t\t\t<img fetchpriority=\"high\" decoding=\"async\" width=\"760\" height=\"1014\" src=\"https:\/\/hopmeier-exklusiv.com\/wp-content\/uploads\/2023\/09\/foto.png\" class=\"attachment-medium_large size-medium_large wp-image-753\" alt=\"\" srcset=\"https:\/\/hopmeier-exklusiv.com\/wp-content\/uploads\/2023\/09\/foto.png 760w, https:\/\/hopmeier-exklusiv.com\/wp-content\/uploads\/2023\/09\/foto-225x300.png 225w, https:\/\/hopmeier-exklusiv.com\/wp-content\/uploads\/2023\/09\/foto-9x12.png 9w\" sizes=\"(max-width: 760px) 100vw, 760px\" \/>\t\t\t\t\t\t\t\t\t\t\t\t\t\t\t<\/div>\n\t\t\t\t<\/div>\n\t\t\t\t<div class=\"elementor-element elementor-element-b4fed8d elementor-widget elementor-widget-text-editor\" data-id=\"b4fed8d\" data-element_type=\"widget\" data-widget_type=\"text-editor.default\">\n\t\t\t\t<div class=\"elementor-widget-container\">\n\t\t\t\t\t\t\t\t\t<p><span style=\"font-size: 0.75em;\">Ich freue mich auf Ihre Anfrage,<br \/><br \/>Ihr Peter Hopmeier<\/span><\/p>\t\t\t\t\t\t\t\t<\/div>\n\t\t\t\t<\/div>\n\t\t\t\t\t<\/div>\n\t\t<\/div>\n\t\t\t\t\t<\/div>\n\t\t<\/section>\n\t\t\t\t\t<\/div>\n\t\t<\/div>\n\t\t\t\t\t<\/div>\n\t\t<\/section>\n\t\t\t\t<footer class=\"elementor-section elementor-top-section elementor-element elementor-element-37ccdd2a elementor-section-boxed elementor-section-height-default elementor-section-height-default\" data-id=\"37ccdd2a\" data-element_type=\"section\" data-settings=\"{&quot;background_background&quot;:&quot;classic&quot;}\">\n\t\t\t\t\t\t<div class=\"elementor-container elementor-column-gap-no\">\n\t\t\t\t\t<div class=\"elementor-column elementor-col-50 elementor-top-column elementor-element elementor-element-561d50d0\" data-id=\"561d50d0\" data-element_type=\"column\">\n\t\t\t<div class=\"elementor-widget-wrap elementor-element-populated\">\n\t\t\t\t\t\t<div class=\"elementor-element elementor-element-5178c108 elementor-widget elementor-widget-image\" data-id=\"5178c108\" data-element_type=\"widget\" data-widget_type=\"image.default\">\n\t\t\t\t<div class=\"elementor-widget-container\">\n\t\t\t\t\t\t\t\t\t\t\t\t\t\t\t<img decoding=\"async\" width=\"300\" height=\"254\" src=\"https:\/\/hopmeier-exklusiv.com\/wp-content\/uploads\/2023\/08\/hopmeier-exklusiv-300x254.png\" class=\"attachment-medium size-medium wp-image-527\" alt=\"\" srcset=\"https:\/\/hopmeier-exklusiv.com\/wp-content\/uploads\/2023\/08\/hopmeier-exklusiv-300x254.png 300w, https:\/\/hopmeier-exklusiv.com\/wp-content\/uploads\/2023\/08\/hopmeier-exklusiv-1024x868.png 1024w, https:\/\/hopmeier-exklusiv.com\/wp-content\/uploads\/2023\/08\/hopmeier-exklusiv-768x651.png 768w, https:\/\/hopmeier-exklusiv.com\/wp-content\/uploads\/2023\/08\/hopmeier-exklusiv-14x12.png 14w, https:\/\/hopmeier-exklusiv.com\/wp-content\/uploads\/2023\/08\/hopmeier-exklusiv.png 1028w\" sizes=\"(max-width: 300px) 100vw, 300px\" \/>\t\t\t\t\t\t\t\t\t\t\t\t\t\t\t<\/div>\n\t\t\t\t<\/div>\n\t\t\t\t<div class=\"elementor-element elementor-element-50b23b17 elementor-widget elementor-widget-text-editor\" data-id=\"50b23b17\" data-element_type=\"widget\" data-widget_type=\"text-editor.default\">\n\t\t\t\t<div class=\"elementor-widget-container\">\n\t\t\t\t\t\t\t\t\t<p><a href=\"http:\/\/hopmeier-exklusiv.com\/en\/kontakt\/\">Contact<\/a><\/p><p><a href=\"http:\/\/hopmeier-exklusiv.com\/en\/agb\/\">AGB<\/a><\/p><p><a href=\"http:\/\/hopmeier-exklusiv.com\/en\/datenschutz\/\">Datenschutz<\/a><\/p><p><a href=\"http:\/\/hopmeier-exklusiv.com\/en\/impressum\/\">Impressum<\/a><\/p>\t\t\t\t\t\t\t\t<\/div>\n\t\t\t\t<\/div>\n\t\t\t\t<div class=\"elementor-element elementor-element-59c7c6a3 elementor-list-item-link-inline elementor-mobile-align-center elementor-icon-list--layout-traditional elementor-widget elementor-widget-icon-list\" data-id=\"59c7c6a3\" data-element_type=\"widget\" data-widget_type=\"icon-list.default\">\n\t\t\t\t<div class=\"elementor-widget-container\">\n\t\t\t\t\t\t\t<ul class=\"elementor-icon-list-items\">\n\t\t\t\t\t\t\t<li class=\"elementor-icon-list-item\">\n\t\t\t\t\t\t\t\t\t\t\t<a href=\"tel:+491751100282\">\n\n\t\t\t\t\t\t\t\t\t\t\t\t<span class=\"elementor-icon-list-icon\">\n\t\t\t\t\t\t\t<i aria-hidden=\"true\" class=\"fas fa-phone-alt\"><\/i>\t\t\t\t\t\t<\/span>\n\t\t\t\t\t\t\t\t\t\t<span class=\"elementor-icon-list-text\">+49 175 1100282<\/span>\n\t\t\t\t\t\t\t\t\t\t\t<\/a>\n\t\t\t\t\t\t\t\t\t<\/li>\n\t\t\t\t\t\t\t\t<li class=\"elementor-icon-list-item\">\n\t\t\t\t\t\t\t\t\t\t\t<a href=\"mailto:info@hopmeier-exklusiv.com\">\n\n\t\t\t\t\t\t\t\t\t\t\t\t<span class=\"elementor-icon-list-icon\">\n\t\t\t\t\t\t\t<i aria-hidden=\"true\" class=\"far fa-envelope\"><\/i>\t\t\t\t\t\t<\/span>\n\t\t\t\t\t\t\t\t\t\t<span class=\"elementor-icon-list-text\">info@hopmeier-exklusiv.com<\/span>\n\t\t\t\t\t\t\t\t\t\t\t<\/a>\n\t\t\t\t\t\t\t\t\t<\/li>\n\t\t\t\t\t\t<\/ul>\n\t\t\t\t\t\t<\/div>\n\t\t\t\t<\/div>\n\t\t\t\t\t<\/div>\n\t\t<\/div>\n\t\t\t\t<div class=\"elementor-column elementor-col-50 elementor-top-column elementor-element elementor-element-5df932c1\" data-id=\"5df932c1\" data-element_type=\"column\">\n\t\t\t<div class=\"elementor-widget-wrap elementor-element-populated\">\n\t\t\t\t\t\t<div class=\"elementor-element elementor-element-2ca3405d elementor-widget elementor-widget-heading\" data-id=\"2ca3405d\" data-element_type=\"widget\" data-widget_type=\"heading.default\">\n\t\t\t\t<div class=\"elementor-widget-container\">\n\t\t\t\t\t<h2 class=\"elementor-heading-title elementor-size-default\">Immobilien Mallorca\nmeist gesucht\n\n<\/h2>\t\t\t\t<\/div>\n\t\t\t\t<\/div>\n\t\t\t\t<div class=\"elementor-element elementor-element-6d59ed20 elementor-widget-mobile__width-inherit elementor-widget elementor-widget-wdk-listings-list\" data-id=\"6d59ed20\" data-element_type=\"widget\" data-widget_type=\"wdk-listings-list.default\">\n\t\t\t\t<div class=\"elementor-widget-container\">\n\t\t\t\t\t<div class=\"wdk-element\" id=\"wdk_el_6d59ed20\">\r\n    <div class=\"wdk-listings-list\">\r\n        <div class=\"wdk-row\">\r\n                                                                    <div class=\"wdk-col\">\r\n                        <div class=\"listing-item\">\r\n                            <div class=\"listing-img-sec\">\r\n                                <a href=\"https:\/\/hopmeier-exklusiv.com\/en\/wdk-listing\/neue-luxusvilla-mit-pool-in-cap-des-moro\/\" title=\"Neue Luxusvilla mit Pool in Cap d\u2019es Moro\">\r\n                                    <img decoding=\"async\" src=\"https:\/\/hopmeier-exklusiv.com\/wp-content\/uploads\/2024\/02\/neue-luxusvilla-mit-pool-in-cap-des-moro-6151.jpg\" alt=\"Neue Luxusvilla mit Pool in Cap d\u2019es Moro\">\r\n                                <\/a>\r\n                            <\/div><!--prop-img-sec enf-->\r\n                            <div class=\"listing-inf-sec\">\r\n                                                                    <h3 class=\"title\">\r\n                                        <a href=\"https:\/\/hopmeier-exklusiv.com\/en\/wdk-listing\/neue-luxusvilla-mit-pool-in-cap-des-moro\/\">\r\n                                                                                            <span>\r\n                                                    Neue Luxusvilla mit Pool in Cap d\u2019es Moro                                                <\/span> \r\n                                                                                    <\/a>\r\n                                    <\/h3>\r\n                                                                                                    <div class=\"price\">\r\n                                                                                    <span>\r\n                                                EUR                                                                                                                                                            2,125,000                                                                                                                                                                                                <\/span> \r\n                                                                            <\/div>\r\n                                                            <\/div><!--prop-inf-sec enf-->\r\n                        <\/div>\r\n                    <\/div>\r\n                                                        <div class=\"wdk-col\">\r\n                        <div class=\"listing-item\">\r\n                            <div class=\"listing-img-sec\">\r\n                                <a href=\"https:\/\/hopmeier-exklusiv.com\/en\/wdk-listing\/charmante-finca-mit-pool-bei-ses-salines\/\" title=\"Charmante Finca mit Pool bei Ses Salines\">\r\n                                    <img decoding=\"async\" src=\"https:\/\/hopmeier-exklusiv.com\/wp-content\/uploads\/2024\/01\/charmante-finca-mit-pool-bei-ses-salines-2598.jpg\" alt=\"Charmante Finca mit Pool bei Ses Salines\">\r\n                                <\/a>\r\n                            <\/div><!--prop-img-sec enf-->\r\n                            <div class=\"listing-inf-sec\">\r\n                                                                    <h3 class=\"title\">\r\n                                        <a href=\"https:\/\/hopmeier-exklusiv.com\/en\/wdk-listing\/charmante-finca-mit-pool-bei-ses-salines\/\">\r\n                                                                                            <span>\r\n                                                    Charmante Finca mit Pool bei Ses Salines                                                <\/span> \r\n                                                                                    <\/a>\r\n                                    <\/h3>\r\n                                                                                                    <div class=\"price\">\r\n                                                                                    <span>\r\n                                                EUR                                                                                                                                                            3,690,000                                                                                                                                                                                                <\/span> \r\n                                                                            <\/div>\r\n                                                            <\/div><!--prop-inf-sec enf-->\r\n                        <\/div>\r\n                    <\/div>\r\n                 \r\n                    <\/div>\r\n    <\/div>\r\n<\/div>\r\n\r\n\t\t\t\t<\/div>\n\t\t\t\t<\/div>\n\t\t\t\t\t<\/div>\n\t\t<\/div>\n\t\t\t\t\t<\/div>\n\t\t<\/footer>\n\t\t\t\t<\/div>","protected":false},"excerpt":{"rendered":"<p>\u00dcber uns Wir bringen Menschen und H\u00e4user zusammen! Romantische Fincas und Anwesen, exklusive Luxusvillen in 1. Meereslinie, Grundst\u00fccke und Dorfh\u00e4user mit atemberaubender Aussicht. Unser Fachgebiet ist der Verkauf von erstklassigen Immobilien im oberen Segment. Mit Sitz in Deutschland verf\u00fcgen wir \u00fcber umfassende Expertise auf dem spanischen Immobilienmarkt. Wir bieten Ihnen ein gro\u00dfes Spektrum an Know-how &#8230; <a title=\"About us\" class=\"read-more\" href=\"https:\/\/hopmeier-exklusiv.com\/en\/uber-uns\/\" aria-label=\"Read more about \u00dcber uns\">Read more<\/a><\/p>","protected":false},"author":1,"featured_media":0,"parent":0,"menu_order":0,"comment_status":"closed","ping_status":"closed","template":"","meta":{"footnotes":""},"class_list":["post-124","page","type-page","status-publish"],"_links":{"self":[{"href":"https:\/\/hopmeier-exklusiv.com\/en\/wp-json\/wp\/v2\/pages\/124","targetHints":{"allow":["GET"]}}],"collection":[{"href":"https:\/\/hopmeier-exklusiv.com\/en\/wp-json\/wp\/v2\/pages"}],"about":[{"href":"https:\/\/hopmeier-exklusiv.com\/en\/wp-json\/wp\/v2\/types\/page"}],"author":[{"embeddable":true,"href":"https:\/\/hopmeier-exklusiv.com\/en\/wp-json\/wp\/v2\/users\/1"}],"replies":[{"embeddable":true,"href":"https:\/\/hopmeier-exklusiv.com\/en\/wp-json\/wp\/v2\/comments?post=124"}],"version-history":[{"count":46,"href":"https:\/\/hopmeier-exklusiv.com\/en\/wp-json\/wp\/v2\/pages\/124\/revisions"}],"predecessor-version":[{"id":861,"href":"https:\/\/hopmeier-exklusiv.com\/en\/wp-json\/wp\/v2\/pages\/124\/revisions\/861"}],"wp:attachment":[{"href":"https:\/\/hopmeier-exklusiv.com\/en\/wp-json\/wp\/v2\/media?parent=124"}],"curies":[{"name":"wp","href":"https:\/\/api.w.org\/{rel}","templated":true}]}}