{"id":1085,"date":"2025-02-04T08:46:22","date_gmt":"2025-02-04T08:46:22","guid":{"rendered":"https:\/\/hopmeier-exklusiv.com\/?page_id=1085"},"modified":"2025-02-04T08:52:45","modified_gmt":"2025-02-04T08:52:45","slug":"hotel-invest","status":"publish","type":"page","link":"https:\/\/hopmeier-exklusiv.com\/en\/hotel-invest\/","title":{"rendered":"Hotel-Invest"},"content":{"rendered":"<div data-elementor-type=\"wp-page\" data-elementor-id=\"1085\" class=\"elementor elementor-1085\">\n\t\t\t\t\t\t<section class=\"elementor-section elementor-top-section elementor-element elementor-element-34c1e04 elementor-section-boxed elementor-section-height-default elementor-section-height-default\" data-id=\"34c1e04\" data-element_type=\"section\">\n\t\t\t\t\t\t<div class=\"elementor-container elementor-column-gap-default\">\n\t\t\t\t\t<div class=\"elementor-column elementor-col-100 elementor-top-column elementor-element elementor-element-7656da6\" data-id=\"7656da6\" data-element_type=\"column\">\n\t\t\t<div class=\"elementor-widget-wrap elementor-element-populated\">\n\t\t\t\t\t\t<div class=\"elementor-element elementor-element-cb3d108 elementor-widget elementor-widget-heading\" data-id=\"cb3d108\" data-element_type=\"widget\" data-widget_type=\"heading.default\">\n\t\t\t\t<div class=\"elementor-widget-container\">\n\t\t\t\t\t<h2 class=\"elementor-heading-title elementor-size-default\">Hotel Invest<\/h2>\t\t\t\t<\/div>\n\t\t\t\t<\/div>\n\t\t\t\t\t<\/div>\n\t\t<\/div>\n\t\t\t\t\t<\/div>\n\t\t<\/section>\n\t\t\t\t<section class=\"elementor-section elementor-top-section elementor-element elementor-element-92777fb elementor-section-boxed elementor-section-height-default elementor-section-height-default\" data-id=\"92777fb\" data-element_type=\"section\">\n\t\t\t\t\t\t<div class=\"elementor-container elementor-column-gap-default\">\n\t\t\t\t\t<div class=\"elementor-column elementor-col-66 elementor-top-column elementor-element elementor-element-6a5b58b\" data-id=\"6a5b58b\" data-element_type=\"column\">\n\t\t\t<div class=\"elementor-widget-wrap elementor-element-populated\">\n\t\t\t\t\t\t<div class=\"elementor-element elementor-element-b8982ed elementor-widget elementor-widget-text-editor\" data-id=\"b8982ed\" data-element_type=\"widget\" data-widget_type=\"text-editor.default\">\n\t\t\t\t<div class=\"elementor-widget-container\">\n\t\t\t\t\t\t\t\t\t<p>Die stetig wachsende Tourismusbranche er\u00f6ffnet immer wieder neue M\u00f6glichkeiten<br \/>f\u00fcr die gr\u00f6\u00dften Hotelkonzerne, ihre Pr\u00e4senz weltweit auszubauen. In diesem<br \/>Zusammenhang sind wir stets auf der Suche nach neuen Hotels und Standorten, um<br \/>das Portfolio unserer Partner zu erweitern und ihnen dabei zu helfen, ihre Visionen<br \/>zu verwirklichen.<\/p><p>Wenn Sie ein Hotel besitzen und dar\u00fcber nachdenken, es zu verkaufen, sind wir der<br \/>ideale Partner, um einen neuen K\u00e4ufer f\u00fcr Ihr Objekt zu finden. Wir verf\u00fcgen \u00fcber<br \/>eine umfangreiche Datenbank von potenziellen Investoren, die nach attraktiven<br \/>Investitionsm\u00f6glichkeiten in der Hotelbranche suchen. Mit unserer Expertise und<br \/>unserem Netzwerk k\u00f6nnen wir sicherstellen, dass Ihr Hotel die Aufmerksamkeit<br \/>erh\u00e4lt, die es verdient, und dass potenzielle K\u00e4ufer von den Vorteilen und dem<br \/>Potenzial Ihres Objekts \u00fcberzeugt werden.<\/p><p>Unser Ziel ist es, eine Win-Win-Situation f\u00fcr alle Beteiligten zu schaffen. Wir<br \/>verstehen, dass der Verkauf eines Hotels ein komplexer Prozess sein kann, der<br \/>sorgf\u00e4ltige Planung und professionelle Unterst\u00fctzung erfordert. Deshalb bieten wir<br \/>unseren Kunden eine umfassende Beratung und Begleitung w\u00e4hrend des gesamten<br \/>Verkaufsprozesses an. Von der Bewertung Ihres Hotels \u00fcber die Erstellung eines<br \/>ansprechenden Expos\u00e9s bis hin zur Verhandlung mit potenziellen K\u00e4ufern stehen wir<br \/>Ihnen zur Seite und sorgen daf\u00fcr, dass Sie den bestm\u00f6glichen Preis f\u00fcr Ihr Objekt<br \/>erzielen.<\/p>\t\t\t\t\t\t\t\t<\/div>\n\t\t\t\t<\/div>\n\t\t\t\t\t<\/div>\n\t\t<\/div>\n\t\t\t\t<div class=\"elementor-column elementor-col-33 elementor-top-column elementor-element elementor-element-df52777\" data-id=\"df52777\" data-element_type=\"column\">\n\t\t\t<div class=\"elementor-widget-wrap elementor-element-populated\">\n\t\t\t\t\t\t<div class=\"elementor-element elementor-element-57a044a elementor-widget elementor-widget-image\" data-id=\"57a044a\" data-element_type=\"widget\" data-widget_type=\"image.default\">\n\t\t\t\t<div class=\"elementor-widget-container\">\n\t\t\t\t\t\t\t\t\t\t\t\t\t\t\t<img fetchpriority=\"high\" decoding=\"async\" width=\"730\" height=\"1024\" src=\"https:\/\/hopmeier-exklusiv.com\/wp-content\/uploads\/2025\/02\/Frankfurt-Skyline-730x1024.jpg\" class=\"attachment-large size-large wp-image-1091\" alt=\"\" srcset=\"https:\/\/hopmeier-exklusiv.com\/wp-content\/uploads\/2025\/02\/Frankfurt-Skyline-730x1024.jpg 730w, https:\/\/hopmeier-exklusiv.com\/wp-content\/uploads\/2025\/02\/Frankfurt-Skyline-214x300.jpg 214w, https:\/\/hopmeier-exklusiv.com\/wp-content\/uploads\/2025\/02\/Frankfurt-Skyline-768x1078.jpg 768w, https:\/\/hopmeier-exklusiv.com\/wp-content\/uploads\/2025\/02\/Frankfurt-Skyline-9x12.jpg 9w, https:\/\/hopmeier-exklusiv.com\/wp-content\/uploads\/2025\/02\/Frankfurt-Skyline.jpg 912w\" sizes=\"(max-width: 730px) 100vw, 730px\" \/>\t\t\t\t\t\t\t\t\t\t\t\t\t\t\t<\/div>\n\t\t\t\t<\/div>\n\t\t\t\t\t<\/div>\n\t\t<\/div>\n\t\t\t\t\t<\/div>\n\t\t<\/section>\n\t\t\t\t<footer class=\"elementor-section elementor-top-section elementor-element elementor-element-4e96abbf elementor-section-boxed elementor-section-height-default elementor-section-height-default\" data-id=\"4e96abbf\" data-element_type=\"section\" data-settings=\"{&quot;background_background&quot;:&quot;classic&quot;}\">\n\t\t\t\t\t\t<div class=\"elementor-container elementor-column-gap-no\">\n\t\t\t\t\t<div class=\"elementor-column elementor-col-50 elementor-top-column elementor-element elementor-element-75fbf59b\" data-id=\"75fbf59b\" data-element_type=\"column\">\n\t\t\t<div class=\"elementor-widget-wrap elementor-element-populated\">\n\t\t\t\t\t\t<div class=\"elementor-element elementor-element-2c43c59d elementor-widget elementor-widget-image\" data-id=\"2c43c59d\" data-element_type=\"widget\" data-widget_type=\"image.default\">\n\t\t\t\t<div class=\"elementor-widget-container\">\n\t\t\t\t\t\t\t\t\t\t\t\t\t\t\t<img decoding=\"async\" width=\"300\" height=\"254\" src=\"https:\/\/hopmeier-exklusiv.com\/wp-content\/uploads\/2023\/08\/hopmeier-exklusiv-300x254.png\" class=\"attachment-medium size-medium wp-image-527\" alt=\"\" srcset=\"https:\/\/hopmeier-exklusiv.com\/wp-content\/uploads\/2023\/08\/hopmeier-exklusiv-300x254.png 300w, https:\/\/hopmeier-exklusiv.com\/wp-content\/uploads\/2023\/08\/hopmeier-exklusiv-1024x868.png 1024w, https:\/\/hopmeier-exklusiv.com\/wp-content\/uploads\/2023\/08\/hopmeier-exklusiv-768x651.png 768w, https:\/\/hopmeier-exklusiv.com\/wp-content\/uploads\/2023\/08\/hopmeier-exklusiv-14x12.png 14w, https:\/\/hopmeier-exklusiv.com\/wp-content\/uploads\/2023\/08\/hopmeier-exklusiv.png 1028w\" sizes=\"(max-width: 300px) 100vw, 300px\" \/>\t\t\t\t\t\t\t\t\t\t\t\t\t\t\t<\/div>\n\t\t\t\t<\/div>\n\t\t\t\t<div class=\"elementor-element elementor-element-d0198b2 elementor-widget elementor-widget-text-editor\" data-id=\"d0198b2\" data-element_type=\"widget\" data-widget_type=\"text-editor.default\">\n\t\t\t\t<div class=\"elementor-widget-container\">\n\t\t\t\t\t\t\t\t\t<p><a href=\"http:\/\/hopmeier-exklusiv.com\/en\/kontakt\/\">Contact<\/a><\/p><p><a href=\"http:\/\/hopmeier-exklusiv.com\/en\/agb\/\">AGB<\/a><\/p><p><a href=\"http:\/\/hopmeier-exklusiv.com\/en\/datenschutz\/\">Datenschutz<\/a><\/p><p><a href=\"http:\/\/hopmeier-exklusiv.com\/en\/impressum\/\">Impressum<\/a><\/p>\t\t\t\t\t\t\t\t<\/div>\n\t\t\t\t<\/div>\n\t\t\t\t<div class=\"elementor-element elementor-element-34ad3f6f elementor-list-item-link-inline elementor-mobile-align-center elementor-icon-list--layout-traditional elementor-widget elementor-widget-icon-list\" data-id=\"34ad3f6f\" data-element_type=\"widget\" data-widget_type=\"icon-list.default\">\n\t\t\t\t<div class=\"elementor-widget-container\">\n\t\t\t\t\t\t\t<ul class=\"elementor-icon-list-items\">\n\t\t\t\t\t\t\t<li class=\"elementor-icon-list-item\">\n\t\t\t\t\t\t\t\t\t\t\t<a href=\"tel:+491751100282\">\n\n\t\t\t\t\t\t\t\t\t\t\t\t<span class=\"elementor-icon-list-icon\">\n\t\t\t\t\t\t\t<i aria-hidden=\"true\" class=\"fas fa-phone-alt\"><\/i>\t\t\t\t\t\t<\/span>\n\t\t\t\t\t\t\t\t\t\t<span class=\"elementor-icon-list-text\">+49 175 1100282<\/span>\n\t\t\t\t\t\t\t\t\t\t\t<\/a>\n\t\t\t\t\t\t\t\t\t<\/li>\n\t\t\t\t\t\t\t\t<li class=\"elementor-icon-list-item\">\n\t\t\t\t\t\t\t\t\t\t\t<a href=\"mailto:info@hopmeier-exklusiv.com\">\n\n\t\t\t\t\t\t\t\t\t\t\t\t<span class=\"elementor-icon-list-icon\">\n\t\t\t\t\t\t\t<i aria-hidden=\"true\" class=\"far fa-envelope\"><\/i>\t\t\t\t\t\t<\/span>\n\t\t\t\t\t\t\t\t\t\t<span class=\"elementor-icon-list-text\">info@hopmeier-exklusiv.com<\/span>\n\t\t\t\t\t\t\t\t\t\t\t<\/a>\n\t\t\t\t\t\t\t\t\t<\/li>\n\t\t\t\t\t\t<\/ul>\n\t\t\t\t\t\t<\/div>\n\t\t\t\t<\/div>\n\t\t\t\t\t<\/div>\n\t\t<\/div>\n\t\t\t\t<div class=\"elementor-column elementor-col-50 elementor-top-column elementor-element elementor-element-917a294\" data-id=\"917a294\" data-element_type=\"column\">\n\t\t\t<div class=\"elementor-widget-wrap elementor-element-populated\">\n\t\t\t\t\t\t<div class=\"elementor-element elementor-element-7055953a elementor-widget elementor-widget-heading\" data-id=\"7055953a\" data-element_type=\"widget\" data-widget_type=\"heading.default\">\n\t\t\t\t<div class=\"elementor-widget-container\">\n\t\t\t\t\t<h2 class=\"elementor-heading-title elementor-size-default\">Immobilien Mallorca\nmeist gesucht\n\n<\/h2>\t\t\t\t<\/div>\n\t\t\t\t<\/div>\n\t\t\t\t<div class=\"elementor-element elementor-element-47478f42 elementor-widget-mobile__width-inherit elementor-widget elementor-widget-wdk-listings-list\" data-id=\"47478f42\" data-element_type=\"widget\" data-widget_type=\"wdk-listings-list.default\">\n\t\t\t\t<div class=\"elementor-widget-container\">\n\t\t\t\t\t<div class=\"wdk-element\" id=\"wdk_el_47478f42\">\r\n    <div class=\"wdk-listings-list\">\r\n        <div class=\"wdk-row\">\r\n                                                                    <div class=\"wdk-col\">\r\n                        <div class=\"listing-item\">\r\n                            <div class=\"listing-img-sec\">\r\n                                <a href=\"https:\/\/hopmeier-exklusiv.com\/en\/wdk-listing\/neue-luxusvilla-mit-pool-in-cap-des-moro\/\" title=\"Neue Luxusvilla mit Pool in Cap d\u2019es Moro\">\r\n                                    <img decoding=\"async\" src=\"https:\/\/hopmeier-exklusiv.com\/wp-content\/uploads\/2024\/02\/neue-luxusvilla-mit-pool-in-cap-des-moro-6151.jpg\" alt=\"Neue Luxusvilla mit Pool in Cap d\u2019es Moro\">\r\n                                <\/a>\r\n                            <\/div><!--prop-img-sec enf-->\r\n                            <div class=\"listing-inf-sec\">\r\n                                                                    <h3 class=\"title\">\r\n                                        <a href=\"https:\/\/hopmeier-exklusiv.com\/en\/wdk-listing\/neue-luxusvilla-mit-pool-in-cap-des-moro\/\">\r\n                                                                                            <span>\r\n                                                    Neue Luxusvilla mit Pool in Cap d\u2019es Moro                                                <\/span> \r\n                                                                                    <\/a>\r\n                                    <\/h3>\r\n                                                                                                    <div class=\"price\">\r\n                                                                                    <span>\r\n                                                EUR                                                                                                                                                            2,125,000                                                                                                                                                                                                <\/span> \r\n                                                                            <\/div>\r\n                                                            <\/div><!--prop-inf-sec enf-->\r\n                        <\/div>\r\n                    <\/div>\r\n                                                        <div class=\"wdk-col\">\r\n                        <div class=\"listing-item\">\r\n                            <div class=\"listing-img-sec\">\r\n                                <a href=\"https:\/\/hopmeier-exklusiv.com\/en\/wdk-listing\/charmante-finca-mit-pool-bei-ses-salines\/\" title=\"Charmante Finca mit Pool bei Ses Salines\">\r\n                                    <img decoding=\"async\" src=\"https:\/\/hopmeier-exklusiv.com\/wp-content\/uploads\/2024\/01\/charmante-finca-mit-pool-bei-ses-salines-2598.jpg\" alt=\"Charmante Finca mit Pool bei Ses Salines\">\r\n                                <\/a>\r\n                            <\/div><!--prop-img-sec enf-->\r\n                            <div class=\"listing-inf-sec\">\r\n                                                                    <h3 class=\"title\">\r\n                                        <a href=\"https:\/\/hopmeier-exklusiv.com\/en\/wdk-listing\/charmante-finca-mit-pool-bei-ses-salines\/\">\r\n                                                                                            <span>\r\n                                                    Charmante Finca mit Pool bei Ses Salines                                                <\/span> \r\n                                                                                    <\/a>\r\n                                    <\/h3>\r\n                                                                                                    <div class=\"price\">\r\n                                                                                    <span>\r\n                                                EUR                                                                                                                                                            3,690,000                                                                                                                                                                                                <\/span> \r\n                                                                            <\/div>\r\n                                                            <\/div><!--prop-inf-sec enf-->\r\n                        <\/div>\r\n                    <\/div>\r\n                 \r\n                    <\/div>\r\n    <\/div>\r\n<\/div>\r\n\r\n\t\t\t\t<\/div>\n\t\t\t\t<\/div>\n\t\t\t\t\t<\/div>\n\t\t<\/div>\n\t\t\t\t\t<\/div>\n\t\t<\/footer>\n\t\t\t\t<\/div>","protected":false},"excerpt":{"rendered":"<p>Hotel Invest Die stetig wachsende Tourismusbranche er\u00f6ffnet immer wieder neue M\u00f6glichkeitenf\u00fcr die gr\u00f6\u00dften Hotelkonzerne, ihre Pr\u00e4senz weltweit auszubauen. In diesemZusammenhang sind wir stets auf der Suche nach neuen Hotels und Standorten, umdas Portfolio unserer Partner zu erweitern und ihnen dabei zu helfen, ihre Visionenzu verwirklichen. Wenn Sie ein Hotel besitzen und dar\u00fcber nachdenken, es zu &#8230; <a title=\"Hotel-Invest\" class=\"read-more\" href=\"https:\/\/hopmeier-exklusiv.com\/en\/hotel-invest\/\" aria-label=\"Read more about Hotel-Invest\">Read more<\/a><\/p>","protected":false},"author":1,"featured_media":0,"parent":0,"menu_order":0,"comment_status":"closed","ping_status":"closed","template":"","meta":{"footnotes":""},"class_list":["post-1085","page","type-page","status-publish"],"_links":{"self":[{"href":"https:\/\/hopmeier-exklusiv.com\/en\/wp-json\/wp\/v2\/pages\/1085","targetHints":{"allow":["GET"]}}],"collection":[{"href":"https:\/\/hopmeier-exklusiv.com\/en\/wp-json\/wp\/v2\/pages"}],"about":[{"href":"https:\/\/hopmeier-exklusiv.com\/en\/wp-json\/wp\/v2\/types\/page"}],"author":[{"embeddable":true,"href":"https:\/\/hopmeier-exklusiv.com\/en\/wp-json\/wp\/v2\/users\/1"}],"replies":[{"embeddable":true,"href":"https:\/\/hopmeier-exklusiv.com\/en\/wp-json\/wp\/v2\/comments?post=1085"}],"version-history":[{"count":13,"href":"https:\/\/hopmeier-exklusiv.com\/en\/wp-json\/wp\/v2\/pages\/1085\/revisions"}],"predecessor-version":[{"id":1100,"href":"https:\/\/hopmeier-exklusiv.com\/en\/wp-json\/wp\/v2\/pages\/1085\/revisions\/1100"}],"wp:attachment":[{"href":"https:\/\/hopmeier-exklusiv.com\/en\/wp-json\/wp\/v2\/media?parent=1085"}],"curies":[{"name":"wp","href":"https:\/\/api.w.org\/{rel}","templated":true}]}}